{"id":1141,"date":"2026-02-02T19:17:26","date_gmt":"2026-02-02T18:17:26","guid":{"rendered":"https:\/\/www.zespoloberschlesien.pl\/sklep\/?post_type=product&#038;p=1141"},"modified":"2026-02-24T16:08:30","modified_gmt":"2026-02-24T15:08:30","slug":"plyta-oberschlesien-single-2","status":"publish","type":"product","link":"https:\/\/www.zespoloberschlesien.pl\/sklep\/produkt\/plyta-cd\/plyta-oberschlesien-single-2\/","title":{"rendered":"P\u0141YTA OBERSCHLESIEN SINGLE 2"},"content":{"rendered":"<p>OBERSCHLESIEN (2025) &#8211; ilo\u015b\u0107 limitowana !<\/p>\n<p>KLASKEJ W RYNCE<br \/>\nDO\u0141 NOM GODKA<br \/>\nJESIYNNY DYSZCZ<\/p>\n<p>BONUS:<br \/>\nSZOLA<br \/>\nJADYMY DURCH <\/p>\n","protected":false},"excerpt":{"rendered":"<p>OBERSCHLESIEN (2025) &#8211; ilo\u015b\u0107 limitowana ! KLASKEJ W RYNCE DO\u0141 NOM GODKA JESIYNNY DYSZCZ BONUS: SZOLA JADYMY DURCH<\/p>\n","protected":false},"featured_media":1142,"template":"","meta":[],"product_cat":[36],"product_tag":[38,39,42],"aioseo_notices":[],"_links":{"self":[{"href":"https:\/\/www.zespoloberschlesien.pl\/sklep\/wp-json\/wp\/v2\/product\/1141"}],"collection":[{"href":"https:\/\/www.zespoloberschlesien.pl\/sklep\/wp-json\/wp\/v2\/product"}],"about":[{"href":"https:\/\/www.zespoloberschlesien.pl\/sklep\/wp-json\/wp\/v2\/types\/product"}],"wp:featuredmedia":[{"embeddable":true,"href":"https:\/\/www.zespoloberschlesien.pl\/sklep\/wp-json\/wp\/v2\/media\/1142"}],"wp:attachment":[{"href":"https:\/\/www.zespoloberschlesien.pl\/sklep\/wp-json\/wp\/v2\/media?parent=1141"}],"wp:term":[{"taxonomy":"product_cat","embeddable":true,"href":"https:\/\/www.zespoloberschlesien.pl\/sklep\/wp-json\/wp\/v2\/product_cat?post=1141"},{"taxonomy":"product_tag","embeddable":true,"href":"https:\/\/www.zespoloberschlesien.pl\/sklep\/wp-json\/wp\/v2\/product_tag?post=1141"}],"curies":[{"name":"wp","href":"https:\/\/api.w.org\/{rel}","templated":true}]}}