{"id":1146,"date":"2026-02-02T19:58:10","date_gmt":"2026-02-02T18:58:10","guid":{"rendered":"https:\/\/www.zespoloberschlesien.pl\/sklep\/?post_type=product&#038;p=1146"},"modified":"2026-02-02T20:03:18","modified_gmt":"2026-02-02T19:03:18","slug":"pendrive-koncert-live-termy-rzymskie","status":"publish","type":"product","link":"https:\/\/www.zespoloberschlesien.pl\/sklep\/produkt\/pendrive\/pendrive-koncert-live-termy-rzymskie\/","title":{"rendered":"PENDRIVE KONCERT LIVE TERMY RZYMSKIE"},"content":{"rendered":"<p>OBERSCHLESIEN &#8211; PENDRIVE KONCERT LIVE TERMY RZYMSKIE 25.04.2025<\/p>\n<p>1. OBERSCHLESIEN<br \/>\n2. ABFAL<br \/>\n3. LAJYRA<br \/>\n4. JO CHCA<br \/>\n5. INDIANERY<br \/>\n6. JADYMY DURCH<br \/>\n7. KR\u00d3L OLCH<br \/>\n8. MAMO<br \/>\n9. ROBOT<br \/>\n10. FUTER<br \/>\n11. LIPSTA<br \/>\n12. IPI<br \/>\n13. ANNABERG<br \/>\n14. RICHTER<br \/>\n15. ENGEL<br \/>\n16. \u015aL\u0104SKI PJERON<br \/>\n17. AKTABANA<\/p>\n","protected":false},"excerpt":{"rendered":"<p>OBERSCHLESIEN &#8211; PENDRIVE KONCERT LIVE TERMY RZYMSKIE 25.04.2025 1. OBERSCHLESIEN 2. ABFAL 3. LAJYRA 4. JO CHCA 5. INDIANERY 6. JADYMY DURCH 7. KR\u00d3L OLCH 8. MAMO 9. ROBOT 10. FUTER 11. LIPSTA 12. IPI 13. ANNABERG 14. RICHTER 15. ENGEL 16. \u015aL\u0104SKI PJERON 17. AKTABANA<\/p>\n","protected":false},"featured_media":1144,"template":"","meta":[],"product_cat":[48],"product_tag":[],"aioseo_notices":[],"_links":{"self":[{"href":"https:\/\/www.zespoloberschlesien.pl\/sklep\/wp-json\/wp\/v2\/product\/1146"}],"collection":[{"href":"https:\/\/www.zespoloberschlesien.pl\/sklep\/wp-json\/wp\/v2\/product"}],"about":[{"href":"https:\/\/www.zespoloberschlesien.pl\/sklep\/wp-json\/wp\/v2\/types\/product"}],"wp:featuredmedia":[{"embeddable":true,"href":"https:\/\/www.zespoloberschlesien.pl\/sklep\/wp-json\/wp\/v2\/media\/1144"}],"wp:attachment":[{"href":"https:\/\/www.zespoloberschlesien.pl\/sklep\/wp-json\/wp\/v2\/media?parent=1146"}],"wp:term":[{"taxonomy":"product_cat","embeddable":true,"href":"https:\/\/www.zespoloberschlesien.pl\/sklep\/wp-json\/wp\/v2\/product_cat?post=1146"},{"taxonomy":"product_tag","embeddable":true,"href":"https:\/\/www.zespoloberschlesien.pl\/sklep\/wp-json\/wp\/v2\/product_tag?post=1146"}],"curies":[{"name":"wp","href":"https:\/\/api.w.org\/{rel}","templated":true}]}}